{"id":45,"date":"2022-01-10T16:37:52","date_gmt":"2022-01-10T15:37:52","guid":{"rendered":"http:\/\/au-secours-sophie.fr\/?page_id=45"},"modified":"2022-01-10T20:01:07","modified_gmt":"2022-01-10T19:01:07","slug":"coiffure","status":"publish","type":"page","link":"https:\/\/au-secours-sophie.fr\/?page_id=45","title":{"rendered":"Proth\u00e9siste Capillaire"},"content":{"rendered":"\n<p class=\"has-vivid-purple-color has-text-color\">Concern\u00e9 (e) par la perte de cheveux ?<\/p>\n\n\n\n<p>J&rsquo;ai mis \u00e0 contribution mes diverses formations et mon exp\u00e9rience professionnelle de&nbsp;coiffeuse, afin de r\u00e9pondre \u00e0 cette demande.<\/p>\n\n\n\n<p>Lors d&rsquo;un entretien dans l&rsquo;intimit\u00e9 de votre domicile, je vous propose une \u00e9tude personnalis\u00e9e, un accompagnement avec diff\u00e9rentes solutions, afin de d\u00e9terminer avec vous vos besoins. <\/p>\n\n\n\n<p>Cela peut \u00eatre une fourniture de turban(s), perruques et bien s\u00fbr leur personnalisation ou tout simplement mon conseil afin de passer ce cap au mieux.<\/p>\n\n\n\n<p>En conclusion, je vous aide \u00e0 traverser les difficult\u00e9s rencontr\u00e9es, par un accompagnement complet et au plus proche de vous.<\/p>\n\n\n\n<p>Je suis conventionn\u00e9e par l&rsquo;Assurance Maladie afin de vous fournir une feuille de soin pour votre prise en charge et je suis les recommandations de l&rsquo;Institut National du cancer.<\/p>\n\n\n\n<p>Je suis disponible du lundi au samedi pour fixer avec vous un rendez-vous.<\/p>\n\n\n\n<p><\/p>\n\n\n\n<div class=\"wp-block-columns is-layout-flex wp-container-core-columns-is-layout-9d6595d7 wp-block-columns-is-layout-flex\">\n<div class=\"wp-block-column is-layout-flow wp-block-column-is-layout-flow\" style=\"flex-basis:100%\">\n<div class=\"wp-block-columns is-layout-flex wp-container-core-columns-is-layout-9d6595d7 wp-block-columns-is-layout-flex\">\n<div class=\"wp-block-column is-layout-flow wp-block-column-is-layout-flow\">\n<figure class=\"wp-block-image size-large\"><img loading=\"lazy\" decoding=\"async\" width=\"1024\" height=\"1024\" src=\"http:\/\/au-secours-sophie.fr\/wp-content\/uploads\/2022\/01\/eh_go_2-1024x1024.jpg\" alt=\"\" class=\"wp-image-80\" srcset=\"https:\/\/au-secours-sophie.fr\/wp-content\/uploads\/2022\/01\/eh_go_2-1024x1024.jpg 1024w, https:\/\/au-secours-sophie.fr\/wp-content\/uploads\/2022\/01\/eh_go_2-300x300.jpg 300w, https:\/\/au-secours-sophie.fr\/wp-content\/uploads\/2022\/01\/eh_go_2-150x150.jpg 150w, https:\/\/au-secours-sophie.fr\/wp-content\/uploads\/2022\/01\/eh_go_2-768x768.jpg 768w, https:\/\/au-secours-sophie.fr\/wp-content\/uploads\/2022\/01\/eh_go_2-1536x1536.jpg 1536w, https:\/\/au-secours-sophie.fr\/wp-content\/uploads\/2022\/01\/eh_go_2-100x100.jpg 100w, https:\/\/au-secours-sophie.fr\/wp-content\/uploads\/2022\/01\/eh_go_2.jpg 1600w\" sizes=\"auto, (max-width: 767px) 89vw, (max-width: 1000px) 54vw, (max-width: 1071px) 543px, 580px\" \/><\/figure>\n<\/div>\n\n\n\n<div class=\"wp-block-column is-layout-flow wp-block-column-is-layout-flow\">\n<figure class=\"wp-block-image size-large\"><img loading=\"lazy\" decoding=\"async\" width=\"1024\" height=\"1024\" src=\"http:\/\/au-secours-sophie.fr\/wp-content\/uploads\/2022\/01\/ew_hp2018_Apart-Mono_2-1024x1024.jpg\" alt=\"\" class=\"wp-image-81\" srcset=\"https:\/\/au-secours-sophie.fr\/wp-content\/uploads\/2022\/01\/ew_hp2018_Apart-Mono_2-1024x1024.jpg 1024w, https:\/\/au-secours-sophie.fr\/wp-content\/uploads\/2022\/01\/ew_hp2018_Apart-Mono_2-300x300.jpg 300w, https:\/\/au-secours-sophie.fr\/wp-content\/uploads\/2022\/01\/ew_hp2018_Apart-Mono_2-150x150.jpg 150w, https:\/\/au-secours-sophie.fr\/wp-content\/uploads\/2022\/01\/ew_hp2018_Apart-Mono_2-768x768.jpg 768w, https:\/\/au-secours-sophie.fr\/wp-content\/uploads\/2022\/01\/ew_hp2018_Apart-Mono_2-1536x1536.jpg 1536w, https:\/\/au-secours-sophie.fr\/wp-content\/uploads\/2022\/01\/ew_hp2018_Apart-Mono_2-100x100.jpg 100w, https:\/\/au-secours-sophie.fr\/wp-content\/uploads\/2022\/01\/ew_hp2018_Apart-Mono_2.jpg 1600w\" sizes=\"auto, (max-width: 767px) 89vw, (max-width: 1000px) 54vw, (max-width: 1071px) 543px, 580px\" \/><\/figure>\n<\/div>\n\n\n\n<div class=\"wp-block-column is-layout-flow wp-block-column-is-layout-flow\">\n<figure class=\"wp-block-image size-large\"><img loading=\"lazy\" decoding=\"async\" width=\"1024\" height=\"1024\" src=\"http:\/\/au-secours-sophie.fr\/wp-content\/uploads\/2022\/01\/ew_hp2018_Pam-Hi-Tec_1-1024x1024.jpg\" alt=\"\" class=\"wp-image-82\" srcset=\"https:\/\/au-secours-sophie.fr\/wp-content\/uploads\/2022\/01\/ew_hp2018_Pam-Hi-Tec_1-1024x1024.jpg 1024w, https:\/\/au-secours-sophie.fr\/wp-content\/uploads\/2022\/01\/ew_hp2018_Pam-Hi-Tec_1-300x300.jpg 300w, https:\/\/au-secours-sophie.fr\/wp-content\/uploads\/2022\/01\/ew_hp2018_Pam-Hi-Tec_1-150x150.jpg 150w, https:\/\/au-secours-sophie.fr\/wp-content\/uploads\/2022\/01\/ew_hp2018_Pam-Hi-Tec_1-768x768.jpg 768w, https:\/\/au-secours-sophie.fr\/wp-content\/uploads\/2022\/01\/ew_hp2018_Pam-Hi-Tec_1-1536x1536.jpg 1536w, https:\/\/au-secours-sophie.fr\/wp-content\/uploads\/2022\/01\/ew_hp2018_Pam-Hi-Tec_1-100x100.jpg 100w, https:\/\/au-secours-sophie.fr\/wp-content\/uploads\/2022\/01\/ew_hp2018_Pam-Hi-Tec_1.jpg 1600w\" sizes=\"auto, (max-width: 767px) 89vw, (max-width: 1000px) 54vw, (max-width: 1071px) 543px, 580px\" \/><\/figure>\n<\/div>\n<\/div>\n<\/div>\n<\/div>\n\n\n\n<div class=\"wp-block-columns is-layout-flex wp-container-core-columns-is-layout-9d6595d7 wp-block-columns-is-layout-flex\">\n<div class=\"wp-block-column is-layout-flow wp-block-column-is-layout-flow\">\n<figure class=\"wp-block-image size-full\"><img loading=\"lazy\" decoding=\"async\" width=\"620\" height=\"346\" src=\"http:\/\/au-secours-sophie.fr\/wp-content\/uploads\/2022\/01\/cpam.jpg\" alt=\"\" class=\"wp-image-97\" srcset=\"https:\/\/au-secours-sophie.fr\/wp-content\/uploads\/2022\/01\/cpam.jpg 620w, https:\/\/au-secours-sophie.fr\/wp-content\/uploads\/2022\/01\/cpam-300x167.jpg 300w\" sizes=\"auto, (max-width: 620px) 100vw, 620px\" \/><\/figure>\n<\/div>\n\n\n\n<div class=\"wp-block-column is-layout-flow wp-block-column-is-layout-flow\">\n<figure class=\"wp-block-image size-full\"><img loading=\"lazy\" decoding=\"async\" width=\"800\" height=\"556\" src=\"http:\/\/au-secours-sophie.fr\/wp-content\/uploads\/2022\/01\/Image-Logo-Artisan.png\" alt=\"\" class=\"wp-image-99\" srcset=\"https:\/\/au-secours-sophie.fr\/wp-content\/uploads\/2022\/01\/Image-Logo-Artisan.png 800w, https:\/\/au-secours-sophie.fr\/wp-content\/uploads\/2022\/01\/Image-Logo-Artisan-300x209.png 300w, https:\/\/au-secours-sophie.fr\/wp-content\/uploads\/2022\/01\/Image-Logo-Artisan-768x534.png 768w\" sizes=\"auto, (max-width: 767px) 89vw, (max-width: 1000px) 54vw, (max-width: 1071px) 543px, 580px\" \/><\/figure>\n<\/div>\n\n\n\n<div class=\"wp-block-column is-layout-flow wp-block-column-is-layout-flow\">\n<figure class=\"wp-block-image size-full\"><img loading=\"lazy\" decoding=\"async\" width=\"688\" height=\"306\" src=\"http:\/\/au-secours-sophie.fr\/wp-content\/uploads\/2022\/01\/inca-345x190_7.jpg\" alt=\"\" class=\"wp-image-100\" srcset=\"https:\/\/au-secours-sophie.fr\/wp-content\/uploads\/2022\/01\/inca-345x190_7.jpg 688w, https:\/\/au-secours-sophie.fr\/wp-content\/uploads\/2022\/01\/inca-345x190_7-300x133.jpg 300w\" sizes=\"auto, (max-width: 688px) 100vw, 688px\" \/><\/figure>\n<\/div>\n<\/div>\n","protected":false},"excerpt":{"rendered":"<p>Concern\u00e9 (e) par la perte de cheveux ? J&rsquo;ai mis \u00e0 contribution mes diverses formations et mon exp\u00e9rience professionnelle de&nbsp;coiffeuse, afin de r\u00e9pondre \u00e0 cette demande. Lors d&rsquo;un entretien dans l&rsquo;intimit\u00e9 de votre domicile, je vous propose une \u00e9tude personnalis\u00e9e, un accompagnement avec diff\u00e9rentes solutions, afin de d\u00e9terminer avec vous vos besoins. Cela peut \u00eatre &hellip; <\/p>\n<p class=\"link-more\"><a href=\"https:\/\/au-secours-sophie.fr\/?page_id=45\" class=\"more-link\">Continuer la lecture<span class=\"screen-reader-text\"> de &laquo;&nbsp;Proth\u00e9siste Capillaire&nbsp;&raquo;<\/span><\/a><\/p>\n","protected":false},"author":1,"featured_media":70,"parent":0,"menu_order":0,"comment_status":"closed","ping_status":"closed","template":"","meta":{"footnotes":""},"class_list":["post-45","page","type-page","status-publish","has-post-thumbnail","hentry"],"_links":{"self":[{"href":"https:\/\/au-secours-sophie.fr\/index.php?rest_route=\/wp\/v2\/pages\/45","targetHints":{"allow":["GET"]}}],"collection":[{"href":"https:\/\/au-secours-sophie.fr\/index.php?rest_route=\/wp\/v2\/pages"}],"about":[{"href":"https:\/\/au-secours-sophie.fr\/index.php?rest_route=\/wp\/v2\/types\/page"}],"author":[{"embeddable":true,"href":"https:\/\/au-secours-sophie.fr\/index.php?rest_route=\/wp\/v2\/users\/1"}],"replies":[{"embeddable":true,"href":"https:\/\/au-secours-sophie.fr\/index.php?rest_route=%2Fwp%2Fv2%2Fcomments&post=45"}],"version-history":[{"count":7,"href":"https:\/\/au-secours-sophie.fr\/index.php?rest_route=\/wp\/v2\/pages\/45\/revisions"}],"predecessor-version":[{"id":109,"href":"https:\/\/au-secours-sophie.fr\/index.php?rest_route=\/wp\/v2\/pages\/45\/revisions\/109"}],"wp:featuredmedia":[{"embeddable":true,"href":"https:\/\/au-secours-sophie.fr\/index.php?rest_route=\/wp\/v2\/media\/70"}],"wp:attachment":[{"href":"https:\/\/au-secours-sophie.fr\/index.php?rest_route=%2Fwp%2Fv2%2Fmedia&parent=45"}],"curies":[{"name":"wp","href":"https:\/\/api.w.org\/{rel}","templated":true}]}}