{"id":46,"date":"2022-01-10T16:37:52","date_gmt":"2022-01-10T15:37:52","guid":{"rendered":"http:\/\/au-secours-sophie.fr\/?page_id=46"},"modified":"2025-05-23T14:12:57","modified_gmt":"2025-05-23T12:12:57","slug":"prothesiste-capillaire","status":"publish","type":"page","link":"https:\/\/au-secours-sophie.fr\/?page_id=46","title":{"rendered":"Coiffure \u00e0 domicile"},"content":{"rendered":"\n<p class=\"has-vivid-purple-color has-text-color\"><strong>Qu\u2019est ce que l\u2019id\u00e9e Au Secours Sophie ?<\/strong><\/p>\n\n\n\n<p>Avec maintenant plus de trente ans d\u2019exp\u00e9rience dans le domaine du cheveu et de l\u2019esth\u00e9tique, voil\u00e0 plus de 10 ans que je met mon savoir faire \u00e0 votre disposition \u00e0 votre domicile, en toute ind\u00e9pendance et dans la recherche du service avec de l&rsquo;humain.<\/p>\n\n\n\n<p><strong>Dipl\u00f4m\u00e9e<\/strong> du CAP, des mentions compl\u00e9mentaires coloristes et permanentistes, j\u2019ai \u00e9galement suivi le cursus complet du Brevet Professionnel \u00e0 Nantes. Egalement <strong>form\u00e9e<\/strong> aux techniques de coupe, \u00e0 l\u2019application des produits dans les plus grands centres de formation de <strong>L\u2019Or\u00e9al, Matrix, Eric Stipa, Eug\u00e8ne Perma, K\u00e9rastase, Subtil, sans oublier pour le maquillage les formations Ren\u00e9 Garraud .&nbsp;<\/strong><\/p>\n\n\n\n<p>J&rsquo;utilise les produits <strong>Subtil du laboratoire fran\u00e7ais Ducaste<\/strong>l. Par exemple, la coloration est formul\u00e9e avec un actif apaisant d&rsquo;<strong>origine v\u00e9g\u00e9tale<\/strong> et compos\u00e9e d&rsquo;huiles actives et pr\u00e9cieuses d&rsquo;\u00c9paline, de Jojoba et de Mono\u00ef, la coloration permanente Infinite de Subtil respecte et prend soin du cuir chevelu lors du processus de coloration, tout en assurant une p\u00e9n\u00e9tration des pigments dans les cheveux.<\/p>\n\n\n\n<p>L\u2019<strong>artisan<\/strong> que je suis se d\u00e9place sur <strong>Orvault, Saint- Herblain bourg, Cou\u00ebron, Sautron, Indre, Saint Etienne de Montluc, Vigneux de Bretagne,  Cordemais&#8230; et ce depuis 2008.<\/strong><\/p>\n\n\n\n<p>Sophie intervient pour la coiffure \u00e0 domicile les lundis, mardis, jeudis et vendredis de 9h00 \u00e0 19h00.<\/p>\n\n\n\n<div class=\"wp-block-columns is-layout-flex wp-container-core-columns-is-layout-9d6595d7 wp-block-columns-is-layout-flex\">\n<div class=\"wp-block-column is-layout-flow wp-block-column-is-layout-flow\">\n<figure class=\"wp-block-image size-full\"><img loading=\"lazy\" decoding=\"async\" width=\"635\" height=\"334\" src=\"http:\/\/au-secours-sophie.fr\/wp-content\/uploads\/2022\/01\/image360.jpg\" alt=\"\" class=\"wp-image-105\" srcset=\"https:\/\/au-secours-sophie.fr\/wp-content\/uploads\/2022\/01\/image360.jpg 635w, https:\/\/au-secours-sophie.fr\/wp-content\/uploads\/2022\/01\/image360-300x158.jpg 300w\" sizes=\"auto, (max-width: 635px) 100vw, 635px\" \/><\/figure>\n<\/div>\n\n\n\n<div class=\"wp-block-column is-layout-flow wp-block-column-is-layout-flow\">\n<figure class=\"wp-block-image size-full\"><img loading=\"lazy\" decoding=\"async\" width=\"204\" height=\"192\" src=\"http:\/\/au-secours-sophie.fr\/wp-content\/uploads\/2024\/02\/telechargement.jpeg\" alt=\"\" class=\"wp-image-145\"\/><\/figure>\n<\/div>\n\n\n\n<div class=\"wp-block-column is-layout-flow wp-block-column-is-layout-flow\">\n<figure class=\"wp-block-image size-full\"><img loading=\"lazy\" decoding=\"async\" width=\"260\" height=\"190\" src=\"http:\/\/au-secours-sophie.fr\/wp-content\/uploads\/2022\/01\/image499.png\" alt=\"\" class=\"wp-image-106\"\/><\/figure>\n<\/div>\n<\/div>\n\n\n\n<p><\/p>\n","protected":false},"excerpt":{"rendered":"<p>Qu\u2019est ce que l\u2019id\u00e9e Au Secours Sophie ? Avec maintenant plus de trente ans d\u2019exp\u00e9rience dans le domaine du cheveu et de l\u2019esth\u00e9tique, voil\u00e0 plus de 10 ans que je met mon savoir faire \u00e0 votre disposition \u00e0 votre domicile, en toute ind\u00e9pendance et dans la recherche du service avec de l&rsquo;humain. Dipl\u00f4m\u00e9e du CAP, &hellip; <\/p>\n<p class=\"link-more\"><a href=\"https:\/\/au-secours-sophie.fr\/?page_id=46\" class=\"more-link\">Continuer la lecture<span class=\"screen-reader-text\"> de &laquo;&nbsp;Coiffure \u00e0 domicile&nbsp;&raquo;<\/span><\/a><\/p>\n","protected":false},"author":1,"featured_media":85,"parent":0,"menu_order":0,"comment_status":"closed","ping_status":"closed","template":"","meta":{"footnotes":""},"class_list":["post-46","page","type-page","status-publish","has-post-thumbnail","hentry"],"_links":{"self":[{"href":"https:\/\/au-secours-sophie.fr\/index.php?rest_route=\/wp\/v2\/pages\/46","targetHints":{"allow":["GET"]}}],"collection":[{"href":"https:\/\/au-secours-sophie.fr\/index.php?rest_route=\/wp\/v2\/pages"}],"about":[{"href":"https:\/\/au-secours-sophie.fr\/index.php?rest_route=\/wp\/v2\/types\/page"}],"author":[{"embeddable":true,"href":"https:\/\/au-secours-sophie.fr\/index.php?rest_route=\/wp\/v2\/users\/1"}],"replies":[{"embeddable":true,"href":"https:\/\/au-secours-sophie.fr\/index.php?rest_route=%2Fwp%2Fv2%2Fcomments&post=46"}],"version-history":[{"count":13,"href":"https:\/\/au-secours-sophie.fr\/index.php?rest_route=\/wp\/v2\/pages\/46\/revisions"}],"predecessor-version":[{"id":151,"href":"https:\/\/au-secours-sophie.fr\/index.php?rest_route=\/wp\/v2\/pages\/46\/revisions\/151"}],"wp:featuredmedia":[{"embeddable":true,"href":"https:\/\/au-secours-sophie.fr\/index.php?rest_route=\/wp\/v2\/media\/85"}],"wp:attachment":[{"href":"https:\/\/au-secours-sophie.fr\/index.php?rest_route=%2Fwp%2Fv2%2Fmedia&parent=46"}],"curies":[{"name":"wp","href":"https:\/\/api.w.org\/{rel}","templated":true}]}}