{"id":59,"date":"2022-01-10T18:06:39","date_gmt":"2022-01-10T17:06:39","guid":{"rendered":"http:\/\/au-secours-sophie.fr\/?page_id=59"},"modified":"2022-01-10T19:45:13","modified_gmt":"2022-01-10T18:45:13","slug":"mentions-legales-2","status":"publish","type":"page","link":"https:\/\/au-secours-sophie.fr\/?page_id=59","title":{"rendered":"Mentions L\u00e9gales"},"content":{"rendered":"\n<p>Ce site est \u00e9dit\u00e9 par Sophie Chiffoleau, Au Secours Sophie<\/p>\n\n\n\n<p>Entreprise individuelle et artisanale inscrite \u00e0 Nantes sous le num\u00e9ro SIREN 507503100 depuis le 01\/09\/2008<\/p>\n\n\n\n<p>Adresse&nbsp;: 24 route de Brimberne 44220 Cou\u00ebron T\u00e9l\u00e9phone 06.36.36.05.66<\/p>\n\n\n\n<p>Directrice de r\u00e9daction et de publication&nbsp;: Sophie Chiffoleau<\/p>\n\n\n\n<p>Ce site \u00e0 \u00e9t\u00e9 con\u00e7u par David Chiffoleau et est h\u00e9berg\u00e9 par OVH dans un centre de donn\u00e9es \u00e0 Gravelines en France<\/p>\n\n\n\n<p>Notre site ne demande pas d&rsquo;enregistrement nominatif \u00e0 ses visiteurs et ne proc\u00e8de \u00e0 aucun enregistrement nominatif pour la simple consultation de ses pages.<\/p>\n\n\n\n<p>Nous ne collectons aucune donn\u00e9e sensible. Vous disposez de droits d\u2019acc\u00e8s, de rectification, d\u2019effacement, d\u2019opposition, de limitation du traitement de vos donn\u00e9es, de retrait de votre consentement et b\u00e9n\u00e9ficiez \u00e9galement du droit \u00e0 la portabilit\u00e9 de vos donn\u00e9es.<\/p>\n\n\n\n<p>Vous avez \u00e9galement le droit d\u2019introduire une r\u00e9clamation \u00e0 notre encontre aupr\u00e8s de l\u2019autorit\u00e9 de contr\u00f4le.<\/p>\n\n\n\n<p>Nous nous r\u00e9servons le droit de modifier, \u00e0 tout moment et sans pr\u00e9avis, tout ou partie de nos r\u00e8gles relatives \u00e0 la protection de la vie priv\u00e9e. En cons\u00e9quence, nous vous conseillons de vous r\u00e9f\u00e9rer r\u00e9guli\u00e8rement \u00e0 la derni\u00e8re version desdites r\u00e8gles disponible en permanence sur notre site. Les modifications entrent en vigueur \u00e0 la date de leur mise en ligne sur notre site et sont opposables \u00e0 la date de votre premi\u00e8re utilisation de celle-ci.<\/p>\n\n\n\n<p>L&rsquo;utilisation de notre site implique la pleine et enti\u00e8re acceptation de toute r\u00e9vision ou modification de nos r\u00e8gles relatives \u00e0 la protection de la vie priv\u00e9e.<\/p>\n\n\n\n<p>Droits photos :<\/p>\n\n\n\n<p>Produits L\u2019Or\u00e9al\u2014Paris<\/p>\n\n\n\n<p>Portraits Ellen Wille\u2014Allemagne<\/p>\n\n\n\n<p>Portrait Sophie par Emmanuel Rault\u2014MOF\u2014Nantes<\/p>\n","protected":false},"excerpt":{"rendered":"<p>Ce site est \u00e9dit\u00e9 par Sophie Chiffoleau, Au Secours Sophie Entreprise individuelle et artisanale inscrite \u00e0 Nantes sous le num\u00e9ro SIREN 507503100 depuis le 01\/09\/2008 Adresse&nbsp;: 24 route de Brimberne 44220 Cou\u00ebron T\u00e9l\u00e9phone 06.36.36.05.66 Directrice de r\u00e9daction et de publication&nbsp;: Sophie Chiffoleau Ce site \u00e0 \u00e9t\u00e9 con\u00e7u par David Chiffoleau et est h\u00e9berg\u00e9 par OVH &hellip; <\/p>\n<p class=\"link-more\"><a href=\"https:\/\/au-secours-sophie.fr\/?page_id=59\" class=\"more-link\">Continuer la lecture<span class=\"screen-reader-text\"> de &laquo;&nbsp;Mentions L\u00e9gales&nbsp;&raquo;<\/span><\/a><\/p>\n","protected":false},"author":1,"featured_media":0,"parent":0,"menu_order":0,"comment_status":"closed","ping_status":"closed","template":"","meta":{"footnotes":""},"class_list":["post-59","page","type-page","status-publish","hentry"],"_links":{"self":[{"href":"https:\/\/au-secours-sophie.fr\/index.php?rest_route=\/wp\/v2\/pages\/59","targetHints":{"allow":["GET"]}}],"collection":[{"href":"https:\/\/au-secours-sophie.fr\/index.php?rest_route=\/wp\/v2\/pages"}],"about":[{"href":"https:\/\/au-secours-sophie.fr\/index.php?rest_route=\/wp\/v2\/types\/page"}],"author":[{"embeddable":true,"href":"https:\/\/au-secours-sophie.fr\/index.php?rest_route=\/wp\/v2\/users\/1"}],"replies":[{"embeddable":true,"href":"https:\/\/au-secours-sophie.fr\/index.php?rest_route=%2Fwp%2Fv2%2Fcomments&post=59"}],"version-history":[{"count":3,"href":"https:\/\/au-secours-sophie.fr\/index.php?rest_route=\/wp\/v2\/pages\/59\/revisions"}],"predecessor-version":[{"id":102,"href":"https:\/\/au-secours-sophie.fr\/index.php?rest_route=\/wp\/v2\/pages\/59\/revisions\/102"}],"wp:attachment":[{"href":"https:\/\/au-secours-sophie.fr\/index.php?rest_route=%2Fwp%2Fv2%2Fmedia&parent=59"}],"curies":[{"name":"wp","href":"https:\/\/api.w.org\/{rel}","templated":true}]}}