{"id":86,"date":"2022-01-10T19:15:31","date_gmt":"2022-01-10T18:15:31","guid":{"rendered":"http:\/\/au-secours-sophie.fr\/?page_id=86"},"modified":"2022-01-10T19:24:28","modified_gmt":"2022-01-10T18:24:28","slug":"contact","status":"publish","type":"page","link":"https:\/\/au-secours-sophie.fr\/?page_id=86","title":{"rendered":"Contact"},"content":{"rendered":"\n<p class=\"has-text-align-center\">Vous pouvez me joindre par t\u00e9l\u00e9phone au<\/p>\n\n\n\n<p class=\"has-text-align-center has-luminous-vivid-amber-background-color has-background has-large-font-size\"><strong>06 36 36 05 66<\/strong><\/p>\n\n\n\n<p class=\"has-text-align-center\">ou par mail <\/p>\n\n\n\n<p class=\"has-text-align-center has-luminous-vivid-amber-background-color has-background has-medium-font-size\"><strong>sophie@au-secours-sophie.fr<\/strong><\/p>\n\n\n\n<p class=\"has-text-align-center\">N&rsquo;h\u00e9sitez pas \u00e0 me laisser un message afin que je puisse vous rappeler. Si je ne r\u00e9pond pas, je suis probablement en rendez-vous<\/p>\n\n\n\n<p><\/p>\n\n\n\n<p><\/p>\n","protected":false},"excerpt":{"rendered":"<p>Vous pouvez me joindre par t\u00e9l\u00e9phone au 06 36 36 05 66 ou par mail sophie@au-secours-sophie.fr N&rsquo;h\u00e9sitez pas \u00e0 me laisser un message afin que je puisse vous rappeler. Si je ne r\u00e9pond pas, je suis probablement en rendez-vous<\/p>\n","protected":false},"author":1,"featured_media":92,"parent":0,"menu_order":0,"comment_status":"closed","ping_status":"closed","template":"","meta":{"footnotes":""},"class_list":["post-86","page","type-page","status-publish","has-post-thumbnail","hentry"],"_links":{"self":[{"href":"https:\/\/au-secours-sophie.fr\/index.php?rest_route=\/wp\/v2\/pages\/86","targetHints":{"allow":["GET"]}}],"collection":[{"href":"https:\/\/au-secours-sophie.fr\/index.php?rest_route=\/wp\/v2\/pages"}],"about":[{"href":"https:\/\/au-secours-sophie.fr\/index.php?rest_route=\/wp\/v2\/types\/page"}],"author":[{"embeddable":true,"href":"https:\/\/au-secours-sophie.fr\/index.php?rest_route=\/wp\/v2\/users\/1"}],"replies":[{"embeddable":true,"href":"https:\/\/au-secours-sophie.fr\/index.php?rest_route=%2Fwp%2Fv2%2Fcomments&post=86"}],"version-history":[{"count":3,"href":"https:\/\/au-secours-sophie.fr\/index.php?rest_route=\/wp\/v2\/pages\/86\/revisions"}],"predecessor-version":[{"id":94,"href":"https:\/\/au-secours-sophie.fr\/index.php?rest_route=\/wp\/v2\/pages\/86\/revisions\/94"}],"wp:featuredmedia":[{"embeddable":true,"href":"https:\/\/au-secours-sophie.fr\/index.php?rest_route=\/wp\/v2\/media\/92"}],"wp:attachment":[{"href":"https:\/\/au-secours-sophie.fr\/index.php?rest_route=%2Fwp%2Fv2%2Fmedia&parent=86"}],"curies":[{"name":"wp","href":"https:\/\/api.w.org\/{rel}","templated":true}]}}